{"id":126,"date":"2022-06-21T12:19:09","date_gmt":"2022-06-21T12:19:09","guid":{"rendered":"http:\/\/www.infocheck.pl\/?page_id=126"},"modified":"2022-06-21T12:19:09","modified_gmt":"2022-06-21T12:19:09","slug":"szkolenia-on-line","status":"publish","type":"page","link":"https:\/\/www.infocheck.pl\/?page_id=126","title":{"rendered":"Szkolenia on-line"},"content":{"rendered":"<p><span class=\"fontstyle0\">Aspekty prawne Dyrektywy Maszynowej (2006\/42\/WE)<br \/>\n<\/span><span class=\"fontstyle0\">Wytyczne dotycz\u0105ce dokumentacji maszyn nowych i u\u017cywanych.<br \/>\nObowi\u0105zki producenta i u\u017cytkownika.<br \/>\n<\/span><\/p>\n<p>Tematy poruszane na szkoleniu:<\/p>\n<p><strong>DYREKTYWA MASZYNOWA<\/strong><\/p>\n<ul>\n<li>Dyrektywa maszynowa , sk\u0105d si\u0119 wzi\u0119\u0142a ? Jakie ma umocowanie prawne w Polsce ?<\/li>\n<li>om\u00f3wienie zakresu stosowania \u2013 przyk\u0142ady,<\/li>\n<li>co to jest maszyna?<\/li>\n<li>co jest to maszyna nieuko\u0144czona?<\/li>\n<li>\u00a0jakie obowi\u0105zki maj\u0105 wytw\u00f3rcy -producenci maszyn,<\/li>\n<li>obowi\u0105zki importer\u00f3w i dostawc\u00f3w,<\/li>\n<li>jakie dokumenty nale\u017cy stworzy\u0107 dla nowych maszyn?<\/li>\n<li>om\u00f3wienie dokumentacji towarzysz\u0105cej maszynom,<\/li>\n<li>om\u00f3wienie post\u0119powania organ\u00f3w PIP po wypadkach przy pracy,<\/li>\n<li><span style=\"font-size: 1rem;\">przyk\u0142ady dokument\u00f3w typu deklaracja zgodno\u015bci, instrukcja obs\u0142ugi<\/span><\/li>\n<\/ul>\n<p><strong>OCENA RYZYKA<\/strong><\/p>\n<ul>\n<li>jak wykona\u0107 ocen\u0119 ryzyka maszyn? Norma PN-EN 12100,<\/li>\n<li>co powinien producent maszyny uwzgl\u0119dni\u0107 w ocenie maszyny?<\/li>\n<li>zasady oceny ryzyka maszyn &#8211; wykorzystanie\u00a0 norm zharmonizowanych z Dyrektyw\u0105 Maszynow\u0105,<\/li>\n<li>Czy stosowanie norm zharmonizowanych przy projektowaniu maszyn jest obowi\u0105zkowe ?<\/li>\n<li>Przyk\u0142ad oceny zgodno\u015bci maszyn.<\/li>\n<\/ul>\n<p><strong>MODERNIZACJA MASZYN<\/strong><\/p>\n<ul>\n<li>jaki wp\u0142yw na oznakowanie znakiem CE ma przer\u00f3bka maszyny?<\/li>\n<li>jakie zmiany wprowadzone przez u\u017cytkownika, kwalifikuj\u0105 maszyny do maszyn zmodernizowanych?<\/li>\n<li>od kiedy obowi\u0105zuje\u00a0 Dyrektywa Maszynowa po zmianach wprowadzonych w danej maszynie?<\/li>\n<li>co w sytuacji gdy firma zakupi\u0142a maszyn\u0119 zgodn\u0105 z dyrektyw\u0105 2006\/42\/WE i dostosowa\u0142a j\u0105 do w\u0142asnych potrzeb?<\/li>\n<li>Dokumentacja odbiorcza maszyn, protoko\u0142y, szkolenia stanowiskowe, pomiary<\/li>\n<\/ul>\n<p><span style=\"color: #ff0000;\"><strong>W celu uzyskania informacji na temat terminu najbli\u017cszego szkolenia prosz\u0119 o kontakt na adres:<\/strong><\/span> <a href=\"mailto:szkolenia@infocheck.pl\">szkolenia@infocheck.pl<\/a><\/p>\n","protected":false},"excerpt":{"rendered":"<p>Aspekty prawne Dyrektywy Maszynowej (2006\/42\/WE) Wytyczne dotycz\u0105ce dokumentacji maszyn nowych i u\u017cywanych. Obowi\u0105zki producenta i u\u017cytkownika. Tematy poruszane na szkoleniu: DYREKTYWA MASZYNOWA Dyrektywa maszynowa , sk\u0105d si\u0119 wzi\u0119\u0142a ? Jakie ma umocowanie prawne w Polsce ? om\u00f3wienie zakresu stosowania \u2013 przyk\u0142ady, co to jest maszyna? co jest to maszyna nieuko\u0144czona? \u00a0jakie obowi\u0105zki maj\u0105 wytw\u00f3rcy -producenci<\/p>\n<p class=\"more-link\"><a href=\"https:\/\/www.infocheck.pl\/?page_id=126\" class=\"themebutton\">Read More<\/a><\/p>\n","protected":false},"author":1,"featured_media":0,"parent":0,"menu_order":0,"comment_status":"closed","ping_status":"closed","template":"","meta":{"footnotes":""},"class_list":["post-126","page","type-page","status-publish","hentry"],"_links":{"self":[{"href":"https:\/\/www.infocheck.pl\/index.php?rest_route=\/wp\/v2\/pages\/126","targetHints":{"allow":["GET"]}}],"collection":[{"href":"https:\/\/www.infocheck.pl\/index.php?rest_route=\/wp\/v2\/pages"}],"about":[{"href":"https:\/\/www.infocheck.pl\/index.php?rest_route=\/wp\/v2\/types\/page"}],"author":[{"embeddable":true,"href":"https:\/\/www.infocheck.pl\/index.php?rest_route=\/wp\/v2\/users\/1"}],"replies":[{"embeddable":true,"href":"https:\/\/www.infocheck.pl\/index.php?rest_route=%2Fwp%2Fv2%2Fcomments&post=126"}],"version-history":[{"count":10,"href":"https:\/\/www.infocheck.pl\/index.php?rest_route=\/wp\/v2\/pages\/126\/revisions"}],"predecessor-version":[{"id":136,"href":"https:\/\/www.infocheck.pl\/index.php?rest_route=\/wp\/v2\/pages\/126\/revisions\/136"}],"wp:attachment":[{"href":"https:\/\/www.infocheck.pl\/index.php?rest_route=%2Fwp%2Fv2%2Fmedia&parent=126"}],"curies":[{"name":"wp","href":"https:\/\/api.w.org\/{rel}","templated":true}]}}