{"id":246,"date":"2022-09-06T11:45:24","date_gmt":"2022-09-06T11:45:24","guid":{"rendered":"http:\/\/www.infocheck.pl\/?page_id=246"},"modified":"2023-02-28T13:18:42","modified_gmt":"2023-02-28T13:18:42","slug":"stoly-edukacyjne","status":"publish","type":"page","link":"https:\/\/www.infocheck.pl\/?page_id=246","title":{"rendered":"Sto\u0142y edukacyjne"},"content":{"rendered":"\n<p><\/p>\n\n\n\n<p><strong>STO\u0141Y EDUKACYJNE<\/strong><\/p>\n\n\n\n<p><strong>WYPOSA\u017bENIE PRACOWNI SZKOLNYCH<\/strong><\/p>\n\n\n\n<p><\/p>\n\n\n\n<p class=\"has-text-align-center\"><strong>PODSTAWA PROGRAMOWA<\/strong><\/p>\n\n\n\n<p><\/p>\n\n\n\n<p><\/p>\n\n\n\n<p>Celem kszta\u0142cenia zawodowego jest&nbsp;<strong>przygotowanie<\/strong>&nbsp;ucz\u0105cych si\u0119 do wykonywania pracy zawodowej i aktywnego funkcjonowania na zmieniaj\u0105cym si\u0119 rynku pracy<br><strong>w&nbsp;warunkach wsp\u00f3\u0142czesnego \u015bwiata<\/strong>.<\/p>\n\n\n\n<p>Zadania szko\u0142y i innych podmiot\u00f3w prowadz\u0105cych kszta\u0142cenie zawodowe oraz spos\u00f3b ich realizacji s\u0105 uwarunkowane zmianami zachodz\u0105cymi w otoczeniu gospodarczo-spo\u0142ecznym, na kt\u00f3re wp\u0142ywaj\u0105 w szczeg\u00f3lno\u015bci: idea gospodarki opartej na wiedzy, globalizacja proces\u00f3w gospodarczych i spo\u0142ecznych, rosn\u0105cy udzia\u0142 handlu mi\u0119dzynarodowego, mobilno\u015b\u0107 geograficzna i zawodowa, nowe techniki i technologie, a tak\u017ce&nbsp;<strong>wzrost oczekiwa\u0144 pracodawc\u00f3w&nbsp;<\/strong>w zakresie poziomu wiedzy i umiej\u0119tno\u015bci pracownik\u00f3w.<\/p>\n\n\n\n<p><\/p>\n\n\n\n<p><\/p>\n\n\n\n<p class=\"has-text-align-center\"><strong>EGZAMIN POTWIERDZAJ\u0104CY KWALIFIKACJE<\/strong> <\/p>\n\n\n\n<p><\/p>\n\n\n\n<p><\/p>\n\n\n\n<p><strong>Egzamin potwierdzaj\u0105cy pierwsz\u0105 kwalifikacj\u0119 E.3. Monta\u017c urz\u0105dze\u0144 i system\u00f3w&nbsp;<\/strong><strong>mechatronicznych<\/strong><strong>&nbsp;odbywa si\u0119 pod koniec pierwszego semestru klasy trzeciej.<\/strong><strong><\/strong><\/p>\n\n\n\n<p><strong>Egzamin potwierdzaj\u0105cy drug\u0105 kwalifikacj\u0119 E.18. Eksploatacja urz\u0105dze\u0144 i system\u00f3w&nbsp;mechatronicznych&nbsp;odbywa si\u0119 pod koniec klasy trzeciej.<\/strong><\/p>\n\n\n\n<p><strong><br>Egzamin potwierdzaj\u0105cy trzeci\u0105 kwalifikacj\u0119 E.19. Projektowanie i programowanie urz\u0105dze\u0144 i system\u00f3w&nbsp;mechatronicznych&nbsp;odbywa si\u0119 pod koniec pierwszego semestru klasy czwartej.<\/strong><\/p>\n\n\n\n<p><\/p>\n\n\n\n<p class=\"has-text-align-center\"><strong>WYPOSA\u017bENIE STANOWISK EGZAMINACYJNYCH <\/strong><\/p>\n\n\n\n<p><\/p>\n\n\n\n<p><\/p>\n\n\n\n<figure class=\"wp-block-gallery has-nested-images columns-default is-cropped wp-block-gallery-1 is-layout-flex wp-block-gallery-is-layout-flex\">\n<figure class=\"wp-block-image size-large is-style-default\"><a href=\"https:\/\/www.infocheck.pl\/wp-content\/uploads\/2022\/09\/Grafika_bez_nazwy-1.png\"><img loading=\"lazy\" decoding=\"async\" width=\"1024\" height=\"649\" data-id=\"250\" src=\"https:\/\/www.infocheck.pl\/wp-content\/uploads\/2022\/09\/Grafika_bez_nazwy-1-1024x649.png\" alt=\"\" class=\"wp-image-250\" srcset=\"https:\/\/www.infocheck.pl\/wp-content\/uploads\/2022\/09\/Grafika_bez_nazwy-1-1024x649.png 1024w, https:\/\/www.infocheck.pl\/wp-content\/uploads\/2022\/09\/Grafika_bez_nazwy-1-300x190.png 300w, https:\/\/www.infocheck.pl\/wp-content\/uploads\/2022\/09\/Grafika_bez_nazwy-1-768x487.png 768w, https:\/\/www.infocheck.pl\/wp-content\/uploads\/2022\/09\/Grafika_bez_nazwy-1.png 1449w\" sizes=\"auto, (max-width: 1024px) 100vw, 1024px\" \/><\/a><\/figure>\n<\/figure>\n\n\n\n<p>  <\/p>\n\n\n\n<figure class=\"wp-block-image size-large\"><a href=\"https:\/\/www.infocheck.pl\/wp-content\/uploads\/2022\/09\/Grafika_bez_nazwy-2.png\"><img loading=\"lazy\" decoding=\"async\" width=\"1024\" height=\"680\" src=\"https:\/\/www.infocheck.pl\/wp-content\/uploads\/2022\/09\/Grafika_bez_nazwy-2-1024x680.png\" alt=\"\" class=\"wp-image-251\" srcset=\"https:\/\/www.infocheck.pl\/wp-content\/uploads\/2022\/09\/Grafika_bez_nazwy-2-1024x680.png 1024w, https:\/\/www.infocheck.pl\/wp-content\/uploads\/2022\/09\/Grafika_bez_nazwy-2-300x199.png 300w, https:\/\/www.infocheck.pl\/wp-content\/uploads\/2022\/09\/Grafika_bez_nazwy-2-768x510.png 768w, https:\/\/www.infocheck.pl\/wp-content\/uploads\/2022\/09\/Grafika_bez_nazwy-2-1536x1020.png 1536w, https:\/\/www.infocheck.pl\/wp-content\/uploads\/2022\/09\/Grafika_bez_nazwy-2.png 1645w\" sizes=\"auto, (max-width: 1024px) 100vw, 1024px\" \/><\/a><\/figure>\n\n\n\n<p><\/p>\n\n\n\n<figure class=\"wp-block-gallery has-nested-images columns-default is-cropped wp-block-gallery-2 is-layout-flex wp-block-gallery-is-layout-flex\">\n<figure class=\"wp-block-image size-large\"><a href=\"https:\/\/www.infocheck.pl\/wp-content\/uploads\/2022\/09\/Grafika_bez_nazwy-3.png\"><img loading=\"lazy\" decoding=\"async\" width=\"1024\" height=\"669\" data-id=\"252\" src=\"https:\/\/www.infocheck.pl\/wp-content\/uploads\/2022\/09\/Grafika_bez_nazwy-3-1024x669.png\" alt=\"\" class=\"wp-image-252\" srcset=\"https:\/\/www.infocheck.pl\/wp-content\/uploads\/2022\/09\/Grafika_bez_nazwy-3-1024x669.png 1024w, https:\/\/www.infocheck.pl\/wp-content\/uploads\/2022\/09\/Grafika_bez_nazwy-3-300x196.png 300w, https:\/\/www.infocheck.pl\/wp-content\/uploads\/2022\/09\/Grafika_bez_nazwy-3-768x502.png 768w, https:\/\/www.infocheck.pl\/wp-content\/uploads\/2022\/09\/Grafika_bez_nazwy-3.png 1462w\" sizes=\"auto, (max-width: 1024px) 100vw, 1024px\" \/><\/a><\/figure>\n<\/figure>\n\n\n\n<figure class=\"wp-block-gallery has-nested-images columns-default is-cropped wp-block-gallery-3 is-layout-flex wp-block-gallery-is-layout-flex\">\n<figure class=\"wp-block-image size-large\"><a href=\"https:\/\/www.infocheck.pl\/wp-content\/uploads\/2022\/09\/Grafika_bez_nazwy-4.png\"><img loading=\"lazy\" decoding=\"async\" width=\"1024\" height=\"691\" data-id=\"253\" src=\"https:\/\/www.infocheck.pl\/wp-content\/uploads\/2022\/09\/Grafika_bez_nazwy-4-1024x691.png\" alt=\"\" class=\"wp-image-253\" srcset=\"https:\/\/www.infocheck.pl\/wp-content\/uploads\/2022\/09\/Grafika_bez_nazwy-4-1024x691.png 1024w, https:\/\/www.infocheck.pl\/wp-content\/uploads\/2022\/09\/Grafika_bez_nazwy-4-300x202.png 300w, https:\/\/www.infocheck.pl\/wp-content\/uploads\/2022\/09\/Grafika_bez_nazwy-4-768x518.png 768w, https:\/\/www.infocheck.pl\/wp-content\/uploads\/2022\/09\/Grafika_bez_nazwy-4-1536x1037.png 1536w, https:\/\/www.infocheck.pl\/wp-content\/uploads\/2022\/09\/Grafika_bez_nazwy-4.png 1667w\" sizes=\"auto, (max-width: 1024px) 100vw, 1024px\" \/><\/a><\/figure>\n<\/figure>\n\n\n\n<figure class=\"wp-block-gallery has-nested-images columns-default is-cropped wp-block-gallery-4 is-layout-flex wp-block-gallery-is-layout-flex\">\n<figure class=\"wp-block-image size-large\"><a href=\"https:\/\/www.infocheck.pl\/wp-content\/uploads\/2022\/09\/Grafika_bez_nazwy-5.png\"><img loading=\"lazy\" decoding=\"async\" width=\"1775\" height=\"1174\" data-id=\"255\" src=\"https:\/\/www.infocheck.pl\/wp-content\/uploads\/2022\/09\/Grafika_bez_nazwy-5.png\" alt=\"\" class=\"wp-image-255\" srcset=\"https:\/\/www.infocheck.pl\/wp-content\/uploads\/2022\/09\/Grafika_bez_nazwy-5.png 1775w, https:\/\/www.infocheck.pl\/wp-content\/uploads\/2022\/09\/Grafika_bez_nazwy-5-300x198.png 300w, https:\/\/www.infocheck.pl\/wp-content\/uploads\/2022\/09\/Grafika_bez_nazwy-5-1024x677.png 1024w, https:\/\/www.infocheck.pl\/wp-content\/uploads\/2022\/09\/Grafika_bez_nazwy-5-768x508.png 768w, https:\/\/www.infocheck.pl\/wp-content\/uploads\/2022\/09\/Grafika_bez_nazwy-5-1536x1016.png 1536w\" sizes=\"auto, (max-width: 1775px) 100vw, 1775px\" \/><\/a><\/figure>\n<\/figure>\n\n\n\n<figure class=\"wp-block-gallery has-nested-images columns-default is-cropped wp-block-gallery-5 is-layout-flex wp-block-gallery-is-layout-flex\">\n<figure class=\"wp-block-image size-large\"><a href=\"https:\/\/www.infocheck.pl\/wp-content\/uploads\/2022\/09\/Grafika_bez_nazwy-3-1.png\"><img loading=\"lazy\" decoding=\"async\" width=\"1735\" height=\"1157\" data-id=\"256\" src=\"https:\/\/www.infocheck.pl\/wp-content\/uploads\/2022\/09\/Grafika_bez_nazwy-3-1.png\" alt=\"\" class=\"wp-image-256\" srcset=\"https:\/\/www.infocheck.pl\/wp-content\/uploads\/2022\/09\/Grafika_bez_nazwy-3-1.png 1735w, https:\/\/www.infocheck.pl\/wp-content\/uploads\/2022\/09\/Grafika_bez_nazwy-3-1-300x200.png 300w, https:\/\/www.infocheck.pl\/wp-content\/uploads\/2022\/09\/Grafika_bez_nazwy-3-1-1024x683.png 1024w, https:\/\/www.infocheck.pl\/wp-content\/uploads\/2022\/09\/Grafika_bez_nazwy-3-1-768x512.png 768w, https:\/\/www.infocheck.pl\/wp-content\/uploads\/2022\/09\/Grafika_bez_nazwy-3-1-1536x1024.png 1536w\" sizes=\"auto, (max-width: 1735px) 100vw, 1735px\" \/><\/a><\/figure>\n<\/figure>\n\n\n\n<figure class=\"wp-block-gallery has-nested-images columns-default is-cropped wp-block-gallery-6 is-layout-flex wp-block-gallery-is-layout-flex\">\n<figure class=\"wp-block-image size-large\"><a href=\"https:\/\/www.infocheck.pl\/wp-content\/uploads\/2022\/09\/Grafika_bez_nazwy-4-1.png\"><img loading=\"lazy\" decoding=\"async\" width=\"1696\" height=\"1142\" data-id=\"257\" src=\"https:\/\/www.infocheck.pl\/wp-content\/uploads\/2022\/09\/Grafika_bez_nazwy-4-1.png\" alt=\"\" class=\"wp-image-257\" srcset=\"https:\/\/www.infocheck.pl\/wp-content\/uploads\/2022\/09\/Grafika_bez_nazwy-4-1.png 1696w, https:\/\/www.infocheck.pl\/wp-content\/uploads\/2022\/09\/Grafika_bez_nazwy-4-1-300x202.png 300w, https:\/\/www.infocheck.pl\/wp-content\/uploads\/2022\/09\/Grafika_bez_nazwy-4-1-1024x690.png 1024w, https:\/\/www.infocheck.pl\/wp-content\/uploads\/2022\/09\/Grafika_bez_nazwy-4-1-768x517.png 768w, https:\/\/www.infocheck.pl\/wp-content\/uploads\/2022\/09\/Grafika_bez_nazwy-4-1-1536x1034.png 1536w\" sizes=\"auto, (max-width: 1696px) 100vw, 1696px\" \/><\/a><\/figure>\n<\/figure>\n\n\n\n<p><\/p>\n\n\n\n<p class=\"has-text-align-center\"><strong>REALIZACJE &#8211; ZDJ\u0118CIA<\/strong><\/p>\n\n\n\n<p><\/p>\n\n\n\n<figure class=\"wp-block-gallery has-nested-images columns-default is-cropped wp-block-gallery-7 is-layout-flex wp-block-gallery-is-layout-flex\">\n<figure class=\"wp-block-image size-large\"><a href=\"https:\/\/www.infocheck.pl\/wp-content\/uploads\/2022\/09\/Grafika_bez_nazwy-7.png\"><img loading=\"lazy\" decoding=\"async\" width=\"1454\" height=\"969\" data-id=\"259\" src=\"https:\/\/www.infocheck.pl\/wp-content\/uploads\/2022\/09\/Grafika_bez_nazwy-7.png\" alt=\"\" class=\"wp-image-259\" srcset=\"https:\/\/www.infocheck.pl\/wp-content\/uploads\/2022\/09\/Grafika_bez_nazwy-7.png 1454w, https:\/\/www.infocheck.pl\/wp-content\/uploads\/2022\/09\/Grafika_bez_nazwy-7-300x200.png 300w, https:\/\/www.infocheck.pl\/wp-content\/uploads\/2022\/09\/Grafika_bez_nazwy-7-1024x682.png 1024w, https:\/\/www.infocheck.pl\/wp-content\/uploads\/2022\/09\/Grafika_bez_nazwy-7-768x512.png 768w\" sizes=\"auto, (max-width: 1454px) 100vw, 1454px\" \/><\/a><\/figure>\n<\/figure>\n\n\n\n<figure class=\"wp-block-gallery has-nested-images columns-default is-cropped wp-block-gallery-8 is-layout-flex wp-block-gallery-is-layout-flex\">\n<figure class=\"wp-block-image size-large\"><a href=\"https:\/\/www.infocheck.pl\/wp-content\/uploads\/2022\/09\/Grafika_bez_nazwy-6-1.png\"><img loading=\"lazy\" decoding=\"async\" width=\"869\" height=\"643\" data-id=\"260\" src=\"https:\/\/www.infocheck.pl\/wp-content\/uploads\/2022\/09\/Grafika_bez_nazwy-6-1.png\" alt=\"\" class=\"wp-image-260\" srcset=\"https:\/\/www.infocheck.pl\/wp-content\/uploads\/2022\/09\/Grafika_bez_nazwy-6-1.png 869w, https:\/\/www.infocheck.pl\/wp-content\/uploads\/2022\/09\/Grafika_bez_nazwy-6-1-300x222.png 300w, https:\/\/www.infocheck.pl\/wp-content\/uploads\/2022\/09\/Grafika_bez_nazwy-6-1-768x568.png 768w\" sizes=\"auto, (max-width: 869px) 100vw, 869px\" \/><\/a><\/figure>\n<\/figure>\n\n\n\n<p><\/p>\n\n\n\n<p class=\"has-text-align-center\"><strong>DOKUMENTACJA<\/strong> <\/p>\n\n\n\n<p><\/p>\n\n\n\n<figure class=\"wp-block-gallery has-nested-images columns-default is-cropped wp-block-gallery-9 is-layout-flex wp-block-gallery-is-layout-flex\">\n<figure class=\"wp-block-image size-large\"><a href=\"https:\/\/www.infocheck.pl\/wp-content\/uploads\/2022\/09\/Grafika_bez_nazwy-8.png\"><img loading=\"lazy\" decoding=\"async\" width=\"1449\" height=\"961\" data-id=\"261\" src=\"https:\/\/www.infocheck.pl\/wp-content\/uploads\/2022\/09\/Grafika_bez_nazwy-8.png\" alt=\"\" class=\"wp-image-261\" srcset=\"https:\/\/www.infocheck.pl\/wp-content\/uploads\/2022\/09\/Grafika_bez_nazwy-8.png 1449w, https:\/\/www.infocheck.pl\/wp-content\/uploads\/2022\/09\/Grafika_bez_nazwy-8-300x199.png 300w, https:\/\/www.infocheck.pl\/wp-content\/uploads\/2022\/09\/Grafika_bez_nazwy-8-1024x679.png 1024w, https:\/\/www.infocheck.pl\/wp-content\/uploads\/2022\/09\/Grafika_bez_nazwy-8-768x509.png 768w\" sizes=\"auto, (max-width: 1449px) 100vw, 1449px\" \/><\/a><\/figure>\n<\/figure>\n\n\n\n<p><\/p>\n\n\n\n<p class=\"has-text-align-center\"><strong>ADAPTACJA<\/strong> <\/p>\n\n\n\n<p><\/p>\n\n\n\n<figure class=\"wp-block-gallery has-nested-images columns-default is-cropped wp-block-gallery-10 is-layout-flex wp-block-gallery-is-layout-flex\">\n<figure class=\"wp-block-image size-large\"><a href=\"https:\/\/www.infocheck.pl\/wp-content\/uploads\/2022\/09\/Grafika_bez_nazwy-9-1.png\"><img loading=\"lazy\" decoding=\"async\" width=\"1024\" height=\"688\" data-id=\"263\" src=\"https:\/\/www.infocheck.pl\/wp-content\/uploads\/2022\/09\/Grafika_bez_nazwy-9-1-1024x688.png\" alt=\"\" class=\"wp-image-263\" srcset=\"https:\/\/www.infocheck.pl\/wp-content\/uploads\/2022\/09\/Grafika_bez_nazwy-9-1-1024x688.png 1024w, https:\/\/www.infocheck.pl\/wp-content\/uploads\/2022\/09\/Grafika_bez_nazwy-9-1-300x202.png 300w, https:\/\/www.infocheck.pl\/wp-content\/uploads\/2022\/09\/Grafika_bez_nazwy-9-1-768x516.png 768w, https:\/\/www.infocheck.pl\/wp-content\/uploads\/2022\/09\/Grafika_bez_nazwy-9-1.png 1450w\" sizes=\"auto, (max-width: 1024px) 100vw, 1024px\" \/><\/a><\/figure>\n<\/figure>\n\n\n\n<p><\/p>\n\n\n\n<p class=\"has-text-align-center\"><strong>DODATKOWE MODU\u0141Y <\/strong><\/p>\n\n\n\n<p><\/p>\n\n\n\n<figure class=\"wp-block-image size-large\"><a href=\"https:\/\/www.infocheck.pl\/wp-content\/uploads\/2022\/09\/Grafika_bez_nazwy-10.png\"><img loading=\"lazy\" decoding=\"async\" width=\"1024\" height=\"668\" src=\"https:\/\/www.infocheck.pl\/wp-content\/uploads\/2022\/09\/Grafika_bez_nazwy-10-1024x668.png\" alt=\"\" class=\"wp-image-264\" srcset=\"https:\/\/www.infocheck.pl\/wp-content\/uploads\/2022\/09\/Grafika_bez_nazwy-10-1024x668.png 1024w, https:\/\/www.infocheck.pl\/wp-content\/uploads\/2022\/09\/Grafika_bez_nazwy-10-300x196.png 300w, https:\/\/www.infocheck.pl\/wp-content\/uploads\/2022\/09\/Grafika_bez_nazwy-10-768x501.png 768w, https:\/\/www.infocheck.pl\/wp-content\/uploads\/2022\/09\/Grafika_bez_nazwy-10.png 1417w\" sizes=\"auto, (max-width: 1024px) 100vw, 1024px\" \/><\/a><\/figure>\n","protected":false},"excerpt":{"rendered":"<p>STO\u0141Y EDUKACYJNE WYPOSA\u017bENIE PRACOWNI SZKOLNYCH PODSTAWA PROGRAMOWA Celem kszta\u0142cenia zawodowego jest&nbsp;przygotowanie&nbsp;ucz\u0105cych si\u0119 do wykonywania pracy zawodowej i aktywnego funkcjonowania na zmieniaj\u0105cym si\u0119 rynku pracyw&nbsp;warunkach wsp\u00f3\u0142czesnego \u015bwiata. Zadania szko\u0142y i innych podmiot\u00f3w prowadz\u0105cych kszta\u0142cenie zawodowe oraz spos\u00f3b ich realizacji s\u0105 uwarunkowane zmianami zachodz\u0105cymi w otoczeniu gospodarczo-spo\u0142ecznym, na kt\u00f3re wp\u0142ywaj\u0105 w szczeg\u00f3lno\u015bci: idea gospodarki opartej na wiedzy,<\/p>\n<p class=\"more-link\"><a href=\"https:\/\/www.infocheck.pl\/?page_id=246\" class=\"themebutton\">Read More<\/a><\/p>\n","protected":false},"author":1,"featured_media":0,"parent":0,"menu_order":0,"comment_status":"closed","ping_status":"closed","template":"","meta":{"footnotes":""},"class_list":["post-246","page","type-page","status-publish","hentry"],"_links":{"self":[{"href":"https:\/\/www.infocheck.pl\/index.php?rest_route=\/wp\/v2\/pages\/246","targetHints":{"allow":["GET"]}}],"collection":[{"href":"https:\/\/www.infocheck.pl\/index.php?rest_route=\/wp\/v2\/pages"}],"about":[{"href":"https:\/\/www.infocheck.pl\/index.php?rest_route=\/wp\/v2\/types\/page"}],"author":[{"embeddable":true,"href":"https:\/\/www.infocheck.pl\/index.php?rest_route=\/wp\/v2\/users\/1"}],"replies":[{"embeddable":true,"href":"https:\/\/www.infocheck.pl\/index.php?rest_route=%2Fwp%2Fv2%2Fcomments&post=246"}],"version-history":[{"count":2,"href":"https:\/\/www.infocheck.pl\/index.php?rest_route=\/wp\/v2\/pages\/246\/revisions"}],"predecessor-version":[{"id":364,"href":"https:\/\/www.infocheck.pl\/index.php?rest_route=\/wp\/v2\/pages\/246\/revisions\/364"}],"wp:attachment":[{"href":"https:\/\/www.infocheck.pl\/index.php?rest_route=%2Fwp%2Fv2%2Fmedia&parent=246"}],"curies":[{"name":"wp","href":"https:\/\/api.w.org\/{rel}","templated":true}]}}