{"id":94,"date":"2021-03-08T18:07:16","date_gmt":"2021-03-08T18:07:16","guid":{"rendered":"http:\/\/www.infocheck.pl\/?page_id=94"},"modified":"2023-02-28T13:36:22","modified_gmt":"2023-02-28T13:36:22","slug":"projekty-i-realizacje-2","status":"publish","type":"page","link":"https:\/\/www.infocheck.pl\/?page_id=94","title":{"rendered":"Projekty i Realizacje"},"content":{"rendered":"\n<h2 class=\"has-text-align-center has-cyan-bluish-gray-background-color has-background has-medium-font-size wp-block-heading\">Ta\u015bmoci\u0105g powrotny<\/h2>\n\n\n\n<figure class=\"wp-block-gallery has-nested-images columns-default is-cropped wp-block-gallery-1 is-layout-flex wp-block-gallery-is-layout-flex\">\n<figure class=\"wp-block-image size-large\"><a href=\"https:\/\/www.infocheck.pl\/wp-content\/uploads\/2022\/08\/A132B19D-2D98-4D7B-8E64-A37A8229A37A.jpeg\"><img loading=\"lazy\" decoding=\"async\" width=\"574\" height=\"420\" data-id=\"240\" src=\"https:\/\/www.infocheck.pl\/wp-content\/uploads\/2022\/08\/A132B19D-2D98-4D7B-8E64-A37A8229A37A.jpeg\" alt=\"\" class=\"wp-image-240\" srcset=\"https:\/\/www.infocheck.pl\/wp-content\/uploads\/2022\/08\/A132B19D-2D98-4D7B-8E64-A37A8229A37A.jpeg 574w, https:\/\/www.infocheck.pl\/wp-content\/uploads\/2022\/08\/A132B19D-2D98-4D7B-8E64-A37A8229A37A-300x220.jpeg 300w\" sizes=\"auto, (max-width: 574px) 100vw, 574px\" \/><\/a><\/figure>\n\n\n\n<figure class=\"wp-block-image size-large\"><a href=\"https:\/\/www.infocheck.pl\/wp-content\/uploads\/2023\/02\/IMG_20211222_151613_438-scaled.jpg\"><img loading=\"lazy\" decoding=\"async\" width=\"1024\" height=\"768\" data-id=\"333\" src=\"https:\/\/www.infocheck.pl\/wp-content\/uploads\/2023\/02\/IMG_20211222_151613_438-1024x768.jpg\" alt=\"\" class=\"wp-image-333\" srcset=\"https:\/\/www.infocheck.pl\/wp-content\/uploads\/2023\/02\/IMG_20211222_151613_438-1024x768.jpg 1024w, https:\/\/www.infocheck.pl\/wp-content\/uploads\/2023\/02\/IMG_20211222_151613_438-300x225.jpg 300w, https:\/\/www.infocheck.pl\/wp-content\/uploads\/2023\/02\/IMG_20211222_151613_438-768x576.jpg 768w, https:\/\/www.infocheck.pl\/wp-content\/uploads\/2023\/02\/IMG_20211222_151613_438-1536x1152.jpg 1536w, https:\/\/www.infocheck.pl\/wp-content\/uploads\/2023\/02\/IMG_20211222_151613_438-2048x1536.jpg 2048w, https:\/\/www.infocheck.pl\/wp-content\/uploads\/2023\/02\/IMG_20211222_151613_438-380x285.jpg 380w, https:\/\/www.infocheck.pl\/wp-content\/uploads\/2023\/02\/IMG_20211222_151613_438-285x214.jpg 285w\" sizes=\"auto, (max-width: 1024px) 100vw, 1024px\" \/><\/a><\/figure>\n<\/figure>\n\n\n\n<figure class=\"wp-block-embed is-type-video is-provider-youtube wp-block-embed-youtube wp-embed-aspect-16-9 wp-has-aspect-ratio\"><div class=\"wp-block-embed__wrapper\">\n<iframe loading=\"lazy\" title=\"Ta\u015bmoci\u0105g Powrotny\" width=\"1170\" height=\"658\" src=\"https:\/\/www.youtube.com\/embed\/ASEzeJZweB8?feature=oembed\" frameborder=\"0\" allow=\"accelerometer; autoplay; clipboard-write; encrypted-media; gyroscope; picture-in-picture; web-share\" allowfullscreen><\/iframe>\n<\/div><\/figure>\n\n\n\n<h2 class=\"has-text-align-center has-cyan-bluish-gray-background-color has-background has-medium-font-size wp-block-heading\">Kontener wywrotowy &#8211; koleba<\/h2>\n\n\n\n<figure class=\"wp-block-gallery has-nested-images columns-default is-cropped wp-block-gallery-2 is-layout-flex wp-block-gallery-is-layout-flex\">\n<figure class=\"wp-block-image size-large\"><a href=\"https:\/\/www.infocheck.pl\/wp-content\/uploads\/2021\/03\/Koleba.png\"><img loading=\"lazy\" decoding=\"async\" width=\"1024\" height=\"353\" data-id=\"101\" src=\"https:\/\/www.infocheck.pl\/wp-content\/uploads\/2021\/03\/Koleba-1024x353.png\" alt=\"\" class=\"wp-image-101\" srcset=\"https:\/\/www.infocheck.pl\/wp-content\/uploads\/2021\/03\/Koleba-1024x353.png 1024w, https:\/\/www.infocheck.pl\/wp-content\/uploads\/2021\/03\/Koleba-300x103.png 300w, https:\/\/www.infocheck.pl\/wp-content\/uploads\/2021\/03\/Koleba-768x265.png 768w, https:\/\/www.infocheck.pl\/wp-content\/uploads\/2021\/03\/Koleba.png 1190w\" sizes=\"auto, (max-width: 1024px) 100vw, 1024px\" \/><\/a><figcaption class=\"wp-element-caption\">Koleba<\/figcaption><\/figure>\n<\/figure>\n\n\n\n<figure class=\"wp-block-embed is-type-video is-provider-youtube wp-block-embed-youtube wp-embed-aspect-4-3 wp-has-aspect-ratio\"><div class=\"wp-block-embed__wrapper\">\n<iframe loading=\"lazy\" title=\"Kontener wywrotowy - koleba\" width=\"1170\" height=\"878\" src=\"https:\/\/www.youtube.com\/embed\/YJKM3VzJnxo?feature=oembed\" frameborder=\"0\" allow=\"accelerometer; autoplay; clipboard-write; encrypted-media; gyroscope; picture-in-picture; web-share\" allowfullscreen><\/iframe>\n<\/div><\/figure>\n\n\n\n<h2 class=\"has-text-align-center has-cyan-bluish-gray-background-color has-background has-medium-font-size wp-block-heading\">Wielopi\u0142a do ci\u0119cia we\u0142ny<\/h2>\n\n\n\n<figure class=\"wp-block-gallery has-nested-images columns-default is-cropped wp-block-gallery-3 is-layout-flex wp-block-gallery-is-layout-flex\">\n<figure class=\"wp-block-image size-large\"><a href=\"https:\/\/www.infocheck.pl\/wp-content\/uploads\/2023\/02\/IMG_20220603_103636_081-scaled.jpg\"><img loading=\"lazy\" decoding=\"async\" width=\"768\" height=\"1024\" data-id=\"353\" src=\"https:\/\/www.infocheck.pl\/wp-content\/uploads\/2023\/02\/IMG_20220603_103636_081-768x1024.jpg\" alt=\"\" class=\"wp-image-353\" srcset=\"https:\/\/www.infocheck.pl\/wp-content\/uploads\/2023\/02\/IMG_20220603_103636_081-768x1024.jpg 768w, https:\/\/www.infocheck.pl\/wp-content\/uploads\/2023\/02\/IMG_20220603_103636_081-225x300.jpg 225w, https:\/\/www.infocheck.pl\/wp-content\/uploads\/2023\/02\/IMG_20220603_103636_081-1152x1536.jpg 1152w, https:\/\/www.infocheck.pl\/wp-content\/uploads\/2023\/02\/IMG_20220603_103636_081-1536x2048.jpg 1536w, https:\/\/www.infocheck.pl\/wp-content\/uploads\/2023\/02\/IMG_20220603_103636_081-scaled.jpg 1920w\" sizes=\"auto, (max-width: 768px) 100vw, 768px\" \/><\/a><\/figure>\n\n\n\n<figure class=\"wp-block-image size-large\"><a href=\"https:\/\/www.infocheck.pl\/wp-content\/uploads\/2023\/02\/IMG_20220520_103304_183-scaled.jpg\"><img loading=\"lazy\" decoding=\"async\" width=\"1024\" height=\"768\" data-id=\"354\" src=\"https:\/\/www.infocheck.pl\/wp-content\/uploads\/2023\/02\/IMG_20220520_103304_183-1024x768.jpg\" alt=\"\" class=\"wp-image-354\" srcset=\"https:\/\/www.infocheck.pl\/wp-content\/uploads\/2023\/02\/IMG_20220520_103304_183-1024x768.jpg 1024w, https:\/\/www.infocheck.pl\/wp-content\/uploads\/2023\/02\/IMG_20220520_103304_183-300x225.jpg 300w, https:\/\/www.infocheck.pl\/wp-content\/uploads\/2023\/02\/IMG_20220520_103304_183-768x576.jpg 768w, https:\/\/www.infocheck.pl\/wp-content\/uploads\/2023\/02\/IMG_20220520_103304_183-1536x1152.jpg 1536w, https:\/\/www.infocheck.pl\/wp-content\/uploads\/2023\/02\/IMG_20220520_103304_183-2048x1536.jpg 2048w, https:\/\/www.infocheck.pl\/wp-content\/uploads\/2023\/02\/IMG_20220520_103304_183-380x285.jpg 380w, https:\/\/www.infocheck.pl\/wp-content\/uploads\/2023\/02\/IMG_20220520_103304_183-285x214.jpg 285w\" sizes=\"auto, (max-width: 1024px) 100vw, 1024px\" \/><\/a><\/figure>\n<\/figure>\n\n\n\n<h2 class=\"has-text-align-center has-cyan-bluish-gray-background-color has-background has-medium-font-size wp-block-heading\">Podno\u015bnik do rolek etykiet\/papieru<\/h2>\n\n\n\n<figure class=\"wp-block-gallery has-nested-images columns-default is-cropped wp-block-gallery-4 is-layout-flex wp-block-gallery-is-layout-flex\">\n<figure class=\"wp-block-image size-large is-style-default\"><a href=\"https:\/\/www.infocheck.pl\/wp-content\/uploads\/2023\/02\/Podnosnik.png\"><img loading=\"lazy\" decoding=\"async\" width=\"614\" height=\"1024\" data-id=\"357\" src=\"https:\/\/www.infocheck.pl\/wp-content\/uploads\/2023\/02\/Podnosnik-614x1024.png\" alt=\"\" class=\"wp-image-357\" srcset=\"https:\/\/www.infocheck.pl\/wp-content\/uploads\/2023\/02\/Podnosnik-614x1024.png 614w, https:\/\/www.infocheck.pl\/wp-content\/uploads\/2023\/02\/Podnosnik-180x300.png 180w, https:\/\/www.infocheck.pl\/wp-content\/uploads\/2023\/02\/Podnosnik-768x1282.png 768w, https:\/\/www.infocheck.pl\/wp-content\/uploads\/2023\/02\/Podnosnik-920x1536.png 920w, https:\/\/www.infocheck.pl\/wp-content\/uploads\/2023\/02\/Podnosnik.png 1141w\" sizes=\"auto, (max-width: 614px) 100vw, 614px\" \/><\/a><\/figure>\n\n\n\n<figure class=\"wp-block-image size-large\"><a href=\"https:\/\/www.infocheck.pl\/wp-content\/uploads\/2023\/02\/obraz_2023-02-28_134653414.png\"><img loading=\"lazy\" decoding=\"async\" width=\"457\" height=\"665\" data-id=\"359\" src=\"https:\/\/www.infocheck.pl\/wp-content\/uploads\/2023\/02\/obraz_2023-02-28_134653414.png\" alt=\"\" class=\"wp-image-359\" srcset=\"https:\/\/www.infocheck.pl\/wp-content\/uploads\/2023\/02\/obraz_2023-02-28_134653414.png 457w, https:\/\/www.infocheck.pl\/wp-content\/uploads\/2023\/02\/obraz_2023-02-28_134653414-206x300.png 206w\" sizes=\"auto, (max-width: 457px) 100vw, 457px\" \/><\/a><\/figure>\n<\/figure>\n\n\n\n<h2 class=\"has-text-align-center has-cyan-bluish-gray-background-color has-background has-medium-font-size wp-block-heading\">Obracarka do palet<\/h2>\n\n\n\n<figure class=\"wp-block-gallery has-nested-images columns-default is-cropped wp-block-gallery-5 is-layout-flex wp-block-gallery-is-layout-flex\">\n<figure class=\"wp-block-image size-large\"><a href=\"https:\/\/www.infocheck.pl\/wp-content\/uploads\/2021\/03\/Obracarka_2.png\"><img loading=\"lazy\" decoding=\"async\" width=\"1024\" height=\"636\" data-id=\"104\" src=\"https:\/\/www.infocheck.pl\/wp-content\/uploads\/2021\/03\/Obracarka_2-1024x636.png\" alt=\"\" class=\"wp-image-104\" srcset=\"https:\/\/www.infocheck.pl\/wp-content\/uploads\/2021\/03\/Obracarka_2-1024x636.png 1024w, https:\/\/www.infocheck.pl\/wp-content\/uploads\/2021\/03\/Obracarka_2-300x186.png 300w, https:\/\/www.infocheck.pl\/wp-content\/uploads\/2021\/03\/Obracarka_2-768x477.png 768w, https:\/\/www.infocheck.pl\/wp-content\/uploads\/2021\/03\/Obracarka_2.png 1056w\" sizes=\"auto, (max-width: 1024px) 100vw, 1024px\" \/><\/a><\/figure>\n<\/figure>\n\n\n\n<h2 class=\"has-text-align-center has-cyan-bluish-gray-background-color has-background has-medium-font-size wp-block-heading\">Przewracarka do rolek papieru \/ etykiet<\/h2>\n\n\n\n<figure class=\"wp-block-gallery has-nested-images columns-default is-cropped wp-block-gallery-6 is-layout-flex wp-block-gallery-is-layout-flex\">\n<figure class=\"wp-block-image size-large\"><a href=\"https:\/\/www.infocheck.pl\/wp-content\/uploads\/2023\/02\/przewracarka.png\"><img loading=\"lazy\" decoding=\"async\" width=\"754\" height=\"548\" data-id=\"335\" src=\"https:\/\/www.infocheck.pl\/wp-content\/uploads\/2023\/02\/przewracarka.png\" alt=\"\" class=\"wp-image-335\" srcset=\"https:\/\/www.infocheck.pl\/wp-content\/uploads\/2023\/02\/przewracarka.png 754w, https:\/\/www.infocheck.pl\/wp-content\/uploads\/2023\/02\/przewracarka-300x218.png 300w\" sizes=\"auto, (max-width: 754px) 100vw, 754px\" \/><\/a><\/figure>\n\n\n\n<figure class=\"wp-block-image size-large\"><a href=\"https:\/\/www.infocheck.pl\/wp-content\/uploads\/2021\/03\/przewracarka.png\"><img loading=\"lazy\" decoding=\"async\" width=\"907\" height=\"343\" data-id=\"102\" src=\"https:\/\/www.infocheck.pl\/wp-content\/uploads\/2021\/03\/przewracarka.png\" alt=\"\" class=\"wp-image-102\" srcset=\"https:\/\/www.infocheck.pl\/wp-content\/uploads\/2021\/03\/przewracarka.png 907w, https:\/\/www.infocheck.pl\/wp-content\/uploads\/2021\/03\/przewracarka-300x113.png 300w, https:\/\/www.infocheck.pl\/wp-content\/uploads\/2021\/03\/przewracarka-768x290.png 768w\" sizes=\"auto, (max-width: 907px) 100vw, 907px\" \/><\/a><\/figure>\n<\/figure>\n","protected":false},"excerpt":{"rendered":"<p>Ta\u015bmoci\u0105g powrotny Kontener wywrotowy &#8211; koleba Wielopi\u0142a do ci\u0119cia we\u0142ny Podno\u015bnik do rolek etykiet\/papieru Obracarka do palet Przewracarka do rolek papieru \/ etykiet<\/p>\n","protected":false},"author":1,"featured_media":0,"parent":0,"menu_order":0,"comment_status":"closed","ping_status":"closed","template":"brizy-blank-template.php","meta":{"footnotes":""},"class_list":["post-94","page","type-page","status-publish","hentry"],"_links":{"self":[{"href":"https:\/\/www.infocheck.pl\/index.php?rest_route=\/wp\/v2\/pages\/94","targetHints":{"allow":["GET"]}}],"collection":[{"href":"https:\/\/www.infocheck.pl\/index.php?rest_route=\/wp\/v2\/pages"}],"about":[{"href":"https:\/\/www.infocheck.pl\/index.php?rest_route=\/wp\/v2\/types\/page"}],"author":[{"embeddable":true,"href":"https:\/\/www.infocheck.pl\/index.php?rest_route=\/wp\/v2\/users\/1"}],"replies":[{"embeddable":true,"href":"https:\/\/www.infocheck.pl\/index.php?rest_route=%2Fwp%2Fv2%2Fcomments&post=94"}],"version-history":[{"count":37,"href":"https:\/\/www.infocheck.pl\/index.php?rest_route=\/wp\/v2\/pages\/94\/revisions"}],"predecessor-version":[{"id":370,"href":"https:\/\/www.infocheck.pl\/index.php?rest_route=\/wp\/v2\/pages\/94\/revisions\/370"}],"wp:attachment":[{"href":"https:\/\/www.infocheck.pl\/index.php?rest_route=%2Fwp%2Fv2%2Fmedia&parent=94"}],"curies":[{"name":"wp","href":"https:\/\/api.w.org\/{rel}","templated":true}]}}